{"id":60,"date":"2010-09-26T17:30:04","date_gmt":"2010-09-26T17:30:04","guid":{"rendered":"http:\/\/matematika.okamzite.eu\/?page_id=60"},"modified":"2021-11-01T19:27:40","modified_gmt":"2021-11-01T19:27:40","slug":"terminovnik","status":"publish","type":"page","link":"https:\/\/matematika.besaba.com\/?page_id=60","title":{"rendered":"Term\u00ednovn\u00edk"},"content":{"rendered":"<p class=\"hh2\">Term\u00edny 71.ro\u010dn\u00edka matematickej olympi\u00e1dy (2021\/2022)<\/p>\n<table style=\"width: 500px;\" border=\"2\" cellspacing=\"2\" cellpadding=\"2\" align=\"center\">\n<tbody>\n<tr class=\"rf\">\n<td width=\"19%\">kateg\u00f3ria<\/td>\n<td width=\"27%\">dom\u00e1ce kolo<\/td>\n<td width=\"27%\">obvodn\u00e9 kolo<\/td>\n<td width=\"27%\">krajsk\u00e9 kolo<\/td>\n<\/tr>\n<tr class=\"pc\">\n<td class=\"rf\">Z5<\/td>\n<td>do 17.12.2021<\/td>\n<td>26. janu\u00e1r 2022<\/td>\n<td rowspan=\"4\" bgcolor=\"#c0c0c0\">\u00a0<\/td>\n<\/tr>\n<tr class=\"pc\">\n<td class=\"rf\">Z6<\/td>\n<td>do 28.2.2022<\/td>\n<td>12. apr\u00edl 2022<\/td>\n<\/tr>\n<tr class=\"pc\">\n<td class=\"rf\">Z7<\/td>\n<td>do 28.2.2022<\/td>\n<td>12. apr\u00edl 2022<\/td>\n<\/tr>\n<tr class=\"pc\">\n<td class=\"rf\">Z8<\/td>\n<td>do 28.2.2022<\/td>\n<td>12. apr\u00edl 2022<\/td>\n<\/tr>\n<tr class=\"pc\">\n<td class=\"rf\">Z9<\/td>\n<td>do 17.12.2021<\/td>\n<td>26. janu\u00e1r 2022<\/td>\n<td>29. marec 2022<\/td>\n<\/tr>\n<\/tbody>\n<\/table>\n<p class=\"k\">Kateg\u00f3ria <span style=\"color: #800000;\">Z9<\/span> je ur\u010den\u00e1 pre \u017eiakov 9. ro\u010dn\u00edka Z\u0160 a 4. ro\u010dn\u00edka OG.<br \/> Kateg\u00f3ria <span style=\"color: #800000;\">Z8<\/span> je ur\u010den\u00e1 pre \u017eiakov 8. ro\u010dn\u00edka Z\u0160 a 3. ro\u010dn\u00edka OG.<br \/> Kateg\u00f3ria <span style=\"color: #800000;\">Z7<\/span> je ur\u010den\u00e1 pre \u017eiakov 7. ro\u010dn\u00edka Z\u0160 a 2. ro\u010dn\u00edka OG.<br \/> Kateg\u00f3ria <span style=\"color: #800000;\">Z6<\/span> je ur\u010den\u00e1 pre \u017eiakov 6. ro\u010dn\u00edka Z\u0160 a 1. ro\u010dn\u00edka OG.<br \/> Kateg\u00f3ria <span style=\"color: #800000;\">Z5<\/span> je ur\u010den\u00e1 <span style=\"color: #ff3300;\">len<\/span> pre \u017eiakov 5. ro\u010dn\u00edka Z\u0160.<br \/> Kateg\u00f3ria <span style=\"color: #800000;\">Z4<\/span> je od 61. ro\u010dn\u00edka zru\u0161en\u00e1.<\/p>\n<table style=\"width: 555px;\" border=\"2\" cellspacing=\"2\" cellpadding=\"2\" align=\"center\">\n<tbody>\n<tr class=\"rf\">\n<td width>kat.<\/td>\n<td width>dom\u00e1ce<\/td>\n<td width>\u0161kolsk\u00e9<\/td>\n<td width>krajsk\u00e9<\/td>\n<td width>celo\u0161t\u00e1tne<\/td>\n<\/tr>\n<tr class=\"pc\">\n<td class=\"rf\">C<\/td>\n<td>do 17.1.2022<\/td>\n<td>25. janu\u00e1r 2022<\/td>\n<td>5. apr\u00edl 2022<\/td>\n<td rowspan=\"2\" bgcolor=\"#c0c0c0\">\u00a0<\/td>\n<\/tr>\n<tr class=\"pc\">\n<td class=\"rf\">B<\/td>\n<td>do 17.1.2022<\/td>\n<td>25. janu\u00e1r 2022<\/td>\n<td>5. apr\u00edl 2022<\/td>\n<\/tr>\n<tr class=\"pc\">\n<td class=\"rf\">A<\/td>\n<td>do 30.11.2021<\/td>\n<td>7. december 2021<\/td>\n<td>11. janu\u00e1r 2022<\/td>\n<td>20. &#8211; 23. 3. 2022<\/td>\n<\/tr>\n<\/tbody>\n<\/table>\n<p>&nbsp;<\/p>\n<table>\n<tr>\n<td style=\"width: 165px;\" align=\"left\" valign=\"top\"><code><script type=\"text\/javascript\"><!--\r\ngoogle_ad_client = \"pub-0508472359151885\";\r\n\/* 120x600, bola vytvoren\u00e1 27.12.2010 *\/\r\ngoogle_ad_slot = \"5033219856\";\r\ngoogle_ad_width = 120;\r\ngoogle_ad_height = 600;\r\n\/\/-->\r\n<\/script>\r\n<script type=\"text\/javascript\"\r\nsrc=\"http:\/\/pagead2.googlesyndication.com\/pagead\/show_ads.js\">\r\n<\/script><\/code><\/td>\n<\/tr>\n<\/table>\n<!--CusAds0-->\n<div style=\"font-size: 0px; height: 0px; line-height: 0px; margin: 0; padding: 0; clear: both;\"><\/div>","protected":false},"excerpt":{"rendered":"<p>Term\u00edny 71.ro\u010dn\u00edka matematickej olympi\u00e1dy (2021\/2022) kateg\u00f3ria dom\u00e1ce kolo obvodn\u00e9 kolo krajsk\u00e9 kolo Z5 do 17.12.2021 26. janu\u00e1r 2022 \u00a0 Z6 do 28.2.2022 12. apr\u00edl 2022 Z7 do 28.2.2022 12. apr\u00edl 2022 Z8 do 28.2.2022 12. apr\u00edl 2022 Z9 do 17.12.2021 26. janu\u00e1r 2022 29. marec 2022 Kateg\u00f3ria Z9 je ur\u010den\u00e1 pre \u017eiakov 9. ro\u010dn\u00edka Z\u0160 &hellip; <a href=\"https:\/\/matematika.besaba.com\/?page_id=60\" class=\"more-link\">Pokra\u010dova\u0165 na <span class=\"screen-reader-text\">Term\u00ednovn\u00edk<\/span> <span class=\"meta-nav\">&rarr;<\/span><\/a><\/p>\n","protected":false},"author":1,"featured_media":0,"parent":0,"menu_order":1,"comment_status":"open","ping_status":"open","template":"","meta":{"om_disable_all_campaigns":false,"_monsterinsights_skip_tracking":false,"_monsterinsights_sitenote_active":false,"_monsterinsights_sitenote_note":"","_monsterinsights_sitenote_category":0,"footnotes":""},"class_list":["post-60","page","type-page","status-publish","hentry"],"yoast_head":"<!-- This site is optimized with the Yoast SEO plugin v26.6 - https:\/\/yoast.com\/wordpress\/plugins\/seo\/ -->\n<title>Term\u00ednovn\u00edk - Matematick\u00e1 olympi\u00e1da<\/title>\n<meta name=\"robots\" content=\"index, follow, max-snippet:-1, max-image-preview:large, max-video-preview:-1\" \/>\n<link rel=\"canonical\" href=\"https:\/\/matematika.besaba.com\/?page_id=60\" \/>\n<meta property=\"og:locale\" content=\"sk_SK\" \/>\n<meta property=\"og:type\" content=\"article\" \/>\n<meta property=\"og:title\" content=\"Term\u00ednovn\u00edk - Matematick\u00e1 olympi\u00e1da\" \/>\n<meta property=\"og:description\" content=\"Term\u00edny 71.ro\u010dn\u00edka matematickej olympi\u00e1dy (2021\/2022) kateg\u00f3ria dom\u00e1ce kolo obvodn\u00e9 kolo krajsk\u00e9 kolo Z5 do 17.12.2021 26. janu\u00e1r 2022 \u00a0 Z6 do 28.2.2022 12. apr\u00edl 2022 Z7 do 28.2.2022 12. apr\u00edl 2022 Z8 do 28.2.2022 12. apr\u00edl 2022 Z9 do 17.12.2021 26. janu\u00e1r 2022 29. marec 2022 Kateg\u00f3ria Z9 je ur\u010den\u00e1 pre \u017eiakov 9. ro\u010dn\u00edka Z\u0160 &hellip; Pokra\u010dova\u0165 na Term\u00ednovn\u00edk &rarr;\" \/>\n<meta property=\"og:url\" content=\"https:\/\/matematika.besaba.com\/?page_id=60\" \/>\n<meta property=\"og:site_name\" content=\"Matematick\u00e1 olympi\u00e1da\" \/>\n<meta property=\"article:modified_time\" content=\"2021-11-01T19:27:40+00:00\" \/>\n<meta name=\"twitter:card\" content=\"summary_large_image\" \/>\n<meta name=\"twitter:label1\" content=\"Predpokladan\u00fd \u010das \u010d\u00edtania\" \/>\n\t<meta name=\"twitter:data1\" content=\"1 min\u00fata\" \/>\n<script type=\"application\/ld+json\" class=\"yoast-schema-graph\">{\"@context\":\"https:\/\/schema.org\",\"@graph\":[{\"@type\":\"WebPage\",\"@id\":\"https:\/\/matematika.besaba.com\/?page_id=60\",\"url\":\"https:\/\/matematika.besaba.com\/?page_id=60\",\"name\":\"Term\u00ednovn\u00edk - Matematick\u00e1 olympi\u00e1da\",\"isPartOf\":{\"@id\":\"https:\/\/matematika.besaba.com\/#website\"},\"datePublished\":\"2010-09-26T17:30:04+00:00\",\"dateModified\":\"2021-11-01T19:27:40+00:00\",\"breadcrumb\":{\"@id\":\"https:\/\/matematika.besaba.com\/?page_id=60#breadcrumb\"},\"inLanguage\":\"sk-SK\",\"potentialAction\":[{\"@type\":\"ReadAction\",\"target\":[\"https:\/\/matematika.besaba.com\/?page_id=60\"]}]},{\"@type\":\"BreadcrumbList\",\"@id\":\"https:\/\/matematika.besaba.com\/?page_id=60#breadcrumb\",\"itemListElement\":[{\"@type\":\"ListItem\",\"position\":1,\"name\":\"Domovsk\u00e1 str\u00e1nka\",\"item\":\"https:\/\/matematika.besaba.com\/\"},{\"@type\":\"ListItem\",\"position\":2,\"name\":\"Term\u00ednovn\u00edk\"}]},{\"@type\":\"WebSite\",\"@id\":\"https:\/\/matematika.besaba.com\/#website\",\"url\":\"https:\/\/matematika.besaba.com\/\",\"name\":\"Matematick\u00e1 olympi\u00e1da\",\"description\":\"arch\u00edv zadan\u00ed a rie\u0161en\u00ed matematickej olympi\u00e1dy\",\"potentialAction\":[{\"@type\":\"SearchAction\",\"target\":{\"@type\":\"EntryPoint\",\"urlTemplate\":\"https:\/\/matematika.besaba.com\/?s={search_term_string}\"},\"query-input\":{\"@type\":\"PropertyValueSpecification\",\"valueRequired\":true,\"valueName\":\"search_term_string\"}}],\"inLanguage\":\"sk-SK\"}]}<\/script>\n<!-- \/ Yoast SEO plugin. -->","yoast_head_json":{"title":"Term\u00ednovn\u00edk - Matematick\u00e1 olympi\u00e1da","robots":{"index":"index","follow":"follow","max-snippet":"max-snippet:-1","max-image-preview":"max-image-preview:large","max-video-preview":"max-video-preview:-1"},"canonical":"https:\/\/matematika.besaba.com\/?page_id=60","og_locale":"sk_SK","og_type":"article","og_title":"Term\u00ednovn\u00edk - Matematick\u00e1 olympi\u00e1da","og_description":"Term\u00edny 71.ro\u010dn\u00edka matematickej olympi\u00e1dy (2021\/2022) kateg\u00f3ria dom\u00e1ce kolo obvodn\u00e9 kolo krajsk\u00e9 kolo Z5 do 17.12.2021 26. janu\u00e1r 2022 \u00a0 Z6 do 28.2.2022 12. apr\u00edl 2022 Z7 do 28.2.2022 12. apr\u00edl 2022 Z8 do 28.2.2022 12. apr\u00edl 2022 Z9 do 17.12.2021 26. janu\u00e1r 2022 29. marec 2022 Kateg\u00f3ria Z9 je ur\u010den\u00e1 pre \u017eiakov 9. ro\u010dn\u00edka Z\u0160 &hellip; Pokra\u010dova\u0165 na Term\u00ednovn\u00edk &rarr;","og_url":"https:\/\/matematika.besaba.com\/?page_id=60","og_site_name":"Matematick\u00e1 olympi\u00e1da","article_modified_time":"2021-11-01T19:27:40+00:00","twitter_card":"summary_large_image","twitter_misc":{"Predpokladan\u00fd \u010das \u010d\u00edtania":"1 min\u00fata"},"schema":{"@context":"https:\/\/schema.org","@graph":[{"@type":"WebPage","@id":"https:\/\/matematika.besaba.com\/?page_id=60","url":"https:\/\/matematika.besaba.com\/?page_id=60","name":"Term\u00ednovn\u00edk - Matematick\u00e1 olympi\u00e1da","isPartOf":{"@id":"https:\/\/matematika.besaba.com\/#website"},"datePublished":"2010-09-26T17:30:04+00:00","dateModified":"2021-11-01T19:27:40+00:00","breadcrumb":{"@id":"https:\/\/matematika.besaba.com\/?page_id=60#breadcrumb"},"inLanguage":"sk-SK","potentialAction":[{"@type":"ReadAction","target":["https:\/\/matematika.besaba.com\/?page_id=60"]}]},{"@type":"BreadcrumbList","@id":"https:\/\/matematika.besaba.com\/?page_id=60#breadcrumb","itemListElement":[{"@type":"ListItem","position":1,"name":"Domovsk\u00e1 str\u00e1nka","item":"https:\/\/matematika.besaba.com\/"},{"@type":"ListItem","position":2,"name":"Term\u00ednovn\u00edk"}]},{"@type":"WebSite","@id":"https:\/\/matematika.besaba.com\/#website","url":"https:\/\/matematika.besaba.com\/","name":"Matematick\u00e1 olympi\u00e1da","description":"arch\u00edv zadan\u00ed a rie\u0161en\u00ed matematickej olympi\u00e1dy","potentialAction":[{"@type":"SearchAction","target":{"@type":"EntryPoint","urlTemplate":"https:\/\/matematika.besaba.com\/?s={search_term_string}"},"query-input":{"@type":"PropertyValueSpecification","valueRequired":true,"valueName":"search_term_string"}}],"inLanguage":"sk-SK"}]}},"_links":{"self":[{"href":"https:\/\/matematika.besaba.com\/index.php?rest_route=\/wp\/v2\/pages\/60","targetHints":{"allow":["GET"]}}],"collection":[{"href":"https:\/\/matematika.besaba.com\/index.php?rest_route=\/wp\/v2\/pages"}],"about":[{"href":"https:\/\/matematika.besaba.com\/index.php?rest_route=\/wp\/v2\/types\/page"}],"author":[{"embeddable":true,"href":"https:\/\/matematika.besaba.com\/index.php?rest_route=\/wp\/v2\/users\/1"}],"replies":[{"embeddable":true,"href":"https:\/\/matematika.besaba.com\/index.php?rest_route=%2Fwp%2Fv2%2Fcomments&post=60"}],"version-history":[{"count":5,"href":"https:\/\/matematika.besaba.com\/index.php?rest_route=\/wp\/v2\/pages\/60\/revisions"}],"predecessor-version":[{"id":1533,"href":"https:\/\/matematika.besaba.com\/index.php?rest_route=\/wp\/v2\/pages\/60\/revisions\/1533"}],"wp:attachment":[{"href":"https:\/\/matematika.besaba.com\/index.php?rest_route=%2Fwp%2Fv2%2Fmedia&parent=60"}],"curies":[{"name":"wp","href":"https:\/\/api.w.org\/{rel}","templated":true}]}}