{"id":4,"date":"2010-09-23T10:00:16","date_gmt":"2010-09-23T10:00:16","guid":{"rendered":"http:\/\/matematika.okamzite.eu\/?page_id=2"},"modified":"2024-10-07T14:51:44","modified_gmt":"2024-10-07T13:51:44","slug":"o-nas","status":"publish","type":"page","link":"https:\/\/matematika.besaba.com\/","title":{"rendered":"\u00davodn\u00e1"},"content":{"rendered":"<p class=\"hh2\">Arch\u00edv matematickej olympi\u00e1dy.<\/p>\n<p class=\"p1\"><strong>&#8222;Str\u00e1nky pre v\u0161etk\u00fdch priate\u013eov matematiky.&#8220;<\/strong><\/p>\n<p class=\"a\">Aktu\u00e1lne term\u00edny, zadania a rie\u0161enia na stiahnutie, star\u0161ie ro\u010dn\u00edky, novinky a odkazy &#8230;<br \/>\n&#8230; v\u00fdsledkov\u00e9 listiny krajsk\u00fdch k\u00f4l a odkazov\u00e1 str\u00e1nka.<\/p>\n<style>\ntable {\n  border-collapse: collapse;\n  width: 100%;\n}\ntd {\n border-style : hidden!important;\n}\ntr {\n  border-bottom: 2px solid #ddd;\n}\n<\/style>\n<table style=\"width: 100%;\" border=\"0\" bgcolor=\"#b8dcdc\">\n<tbody>\n<tr>\n<td><img decoding=\"async\" src=\"huf.gif\" alt=\"\" align=\"left\" \/><\/td>\n<td  class=\"pc\">Matematick\u00e1 olympi\u00e1da a in\u00e9 s\u00fa\u0165a\u017ee v ma\u010farskom jazyku<br \/><a href=\"http:\/\/www.ide.sk\/index.php?aktdir=matek\" target=\"_blank\" rel=\"noopener noreferrer\"> http:\/\/matek.ide.sk\/<\/a><\/td>\n<td><img decoding=\"async\" src=\"huf.gif\" alt=\"\" align=\"right\" \/><\/td>\n<\/tr>\n<tr>\n<td><img decoding=\"async\" src=\"flcz.gif\" alt=\"\" align=\"left\" \/><\/td>\n<td class=\"pc\">Ofici\u00e1lna str\u00e1nka matematickej olympi\u00e1dy v \u010cR<br \/><a href=\"http:\/\/www.matematickaolympiada.cz\/\" target=\"_blank\" rel=\"noopener noreferrer\"> http:\/\/www.matematickaolympiada.cz\/<\/a><\/td>\n<td><img decoding=\"async\" src=\"flcz.gif\" alt=\"\" align=\"right\" \/><\/td>\n<\/tr>\n<tr>\n<td><img decoding=\"async\" src=\"pc.gif\" alt=\"\" align=\"left\" \/><\/td>\n<td class=\"pc\">Olympi\u00e1da v informatike<br \/><a href=\"http:\/\/www.oi.sk\" target=\"_blank\" rel=\"noopener noreferrer\"> http:\/\/www.oi.sk<\/a><\/td>\n<td><img decoding=\"async\" src=\"pc.gif\" alt=\"\" align=\"right\" \/><\/td>\n<\/tr>\n<tr>\n<td><img decoding=\"async\" src=\"imo.gif\" alt=\"\" align=\"left\" \/><\/td>\n<td class=\"pc\">International Mathematical Olympiad<br \/><a href=\"http:\/\/www.imo-official.org\/\" target=\"_blank\" rel=\"noopener noreferrer\"> http:\/\/www.imo-official.org\/<\/a><\/td>\n<td><img decoding=\"async\" src=\"imo.gif\" alt=\"\" align=\"right\" \/><\/td>\n<\/tr>\n<\/tbody>\n<\/table>\n<hr \/>\n<table border=\"0\" cellspacing=\"2\" cellpadding=\"2\" style=\"width: 100%;\" align=\"center\">\n<tbody>\n<tr>\n<td align=\"center\" colspan=\"3\"><script type=\"text\/javascript\" data-ad-type=\"iframe v2.0\" charset=\"utf-8\" src=\"\/\/sk.search.etargetnet.com\/generic\/uni.php?g=ref:48528,area:728x90\"><\/script><\/td>\n<\/tr>\n<tr align=\"center\">\n<td><a href=\"https:\/\/www.narodnypanel.sk\/pozvanie251\/21687\" target=\"_blank\" rel=\"noopener noreferrer\"><img decoding=\"async\" src=\"snp.png\" alt=\"\" width=\"180\" \/><\/a><\/td>\n<td><a href=\"https:\/\/www.iprieskum.sk\/registracia?backlink=2kffn\" target=\"_blank\" rel=\"noopener noreferrer\"><img decoding=\"async\" src=\"iprieskum.png\" alt=\"\" width=\"200\"  \/><\/a><\/td>\n<td><a href=\"https:\/\/www.askgfk.sk\/index.php?id=32&#038;L=sk&#038;srcid=&#038;referralkey=9F4C8CDA-CC18-4290-933B-062A56DB577F\" target=\"_blank\" rel=\"noopener noreferrer\"><img decoding=\"async\" src=\"onlinek.png\" width=\"200\" border=\"0\" alt=\"\"><\/a><\/td>\n<\/tr>\n<tr align=\"center\">\n<td>Z\u00fa\u010dastni sa prieskumov verejnej mienky<\/td>\n<td>iPrieskum \u0165a odmen\u00ed za tvoj n\u00e1zor<\/td>\n<td>Tvoj n\u00e1zor je d\u00f4le\u017eit\u00fd!<\/td>\n<\/tr>\n<tr align=\"center\">\n<td colspan=3>\n<a href=\"https:\/\/panel.marketagent.com\/Register\/Account\/sk-SK?RefUID=360182\" target=\"_new\" rel=\"noopener noreferrer\"><img decoding=\"async\" src=\"http:\/\/www.marketagent.com\/MA_WebResources\/pic\/banner\/468x60_Marketagent_weiss_SK.gif\" alt=\"\" \/><br \/>\nMARKETAGENT.COM &#8211; Prieskum trhu a verejnej mienky na internete<\/a><\/td>\n<\/tr>\n<tr align=\"center\">\n<td colspan=3>\n<a href=\"https:\/\/freebitco.in\/?r=41509780\" target=\"_new\" rel=\"noopener noreferrer\"><img decoding=\"async\" src=\"https:\/\/static1.freebitco.in\/banners\/728x90-3.png\" width=\"600\" alt=\"\" \/><br \/>\nFreeBitco.IN &#8211; Bitcoinov\u00fd faucet pon\u00faka zdarma mo\u017enos\u0165 privyrobi\u0165 si<\/a><\/td>\n<\/tr>\n<\/tbody>\n<\/table>\n<hr \/>\n<p><script async src=\"\/\/pagead2.googlesyndication.com\/pagead\/js\/adsbygoogle.js\"><\/script>\r\n<!-- adsense1 -->\r\n<ins class=\"adsbygoogle\"\r\n     style=\"display:inline-block;width:728px;height:90px\"\r\n     data-ad-client=\"ca-pub-0508472359151885\"\r\n     data-ad-slot=\"4091295052\"><\/ins>\r\n<script>\r\n(adsbygoogle = window.adsbygoogle || []).push({});\r\n<\/script><\/p>\n<p><script type=\"text\/javascript\"><!--\r\ngoogle_ad_client = \"pub-0508472359151885\";\r\n\/* 728x90, bola vytvoren\u00e1 12.11.2010 *\/\r\ngoogle_ad_slot = \"6401577482\";\r\ngoogle_ad_width = 728;\r\ngoogle_ad_height = 90;\r\n\/\/-->\r\n<\/script>\r\n<script type=\"text\/javascript\"\r\nsrc=\"http:\/\/pagead2.googlesyndication.com\/pagead\/show_ads.js\">\r\n<\/script><\/p>\n<!--CusAds0-->\n<div style=\"font-size: 0px; height: 0px; line-height: 0px; margin: 0; padding: 0; clear: both;\"><\/div>","protected":false},"excerpt":{"rendered":"<p>Arch\u00edv matematickej olympi\u00e1dy. &#8222;Str\u00e1nky pre v\u0161etk\u00fdch priate\u013eov matematiky.&#8220; Aktu\u00e1lne term\u00edny, zadania a rie\u0161enia na stiahnutie, star\u0161ie ro\u010dn\u00edky, novinky a odkazy &#8230; &#8230; v\u00fdsledkov\u00e9 listiny krajsk\u00fdch k\u00f4l a odkazov\u00e1 str\u00e1nka. Matematick\u00e1 olympi\u00e1da a in\u00e9 s\u00fa\u0165a\u017ee v ma\u010farskom jazyku http:\/\/matek.ide.sk\/ Ofici\u00e1lna str\u00e1nka matematickej olympi\u00e1dy v \u010cR http:\/\/www.matematickaolympiada.cz\/ Olympi\u00e1da v informatike http:\/\/www.oi.sk International Mathematical Olympiad http:\/\/www.imo-official.org\/ Z\u00fa\u010dastni sa &hellip; <a href=\"https:\/\/matematika.besaba.com\/\" class=\"more-link\">Pokra\u010dova\u0165 na <span class=\"screen-reader-text\">\u00davodn\u00e1<\/span> <span class=\"meta-nav\">&rarr;<\/span><\/a><\/p>\n","protected":false},"author":1,"featured_media":0,"parent":0,"menu_order":0,"comment_status":"closed","ping_status":"closed","template":"","meta":{"om_disable_all_campaigns":false,"_monsterinsights_skip_tracking":false,"_monsterinsights_sitenote_active":false,"_monsterinsights_sitenote_note":"","_monsterinsights_sitenote_category":0,"footnotes":""},"class_list":["post-4","page","type-page","status-publish","hentry"],"yoast_head":"<!-- This site is optimized with the Yoast SEO plugin v26.6 - https:\/\/yoast.com\/wordpress\/plugins\/seo\/ -->\n<title>\u00davodn\u00e1 - Matematick\u00e1 olympi\u00e1da<\/title>\n<meta name=\"robots\" content=\"index, follow, max-snippet:-1, max-image-preview:large, max-video-preview:-1\" \/>\n<link rel=\"canonical\" href=\"https:\/\/matematika.besaba.com\/\" \/>\n<meta property=\"og:locale\" content=\"sk_SK\" \/>\n<meta property=\"og:type\" content=\"article\" \/>\n<meta property=\"og:title\" content=\"\u00davodn\u00e1 - Matematick\u00e1 olympi\u00e1da\" \/>\n<meta property=\"og:description\" content=\"Arch\u00edv matematickej olympi\u00e1dy. &#8222;Str\u00e1nky pre v\u0161etk\u00fdch priate\u013eov matematiky.&#8220; Aktu\u00e1lne term\u00edny, zadania a rie\u0161enia na stiahnutie, star\u0161ie ro\u010dn\u00edky, novinky a odkazy &#8230; &#8230; v\u00fdsledkov\u00e9 listiny krajsk\u00fdch k\u00f4l a odkazov\u00e1 str\u00e1nka. Matematick\u00e1 olympi\u00e1da a in\u00e9 s\u00fa\u0165a\u017ee v ma\u010farskom jazyku http:\/\/matek.ide.sk\/ Ofici\u00e1lna str\u00e1nka matematickej olympi\u00e1dy v \u010cR http:\/\/www.matematickaolympiada.cz\/ Olympi\u00e1da v informatike http:\/\/www.oi.sk International Mathematical Olympiad http:\/\/www.imo-official.org\/ Z\u00fa\u010dastni sa &hellip; Pokra\u010dova\u0165 na \u00davodn\u00e1 &rarr;\" \/>\n<meta property=\"og:url\" content=\"https:\/\/matematika.besaba.com\/\" \/>\n<meta property=\"og:site_name\" content=\"Matematick\u00e1 olympi\u00e1da\" \/>\n<meta property=\"article:modified_time\" content=\"2024-10-07T13:51:44+00:00\" \/>\n<meta property=\"og:image\" content=\"http:\/\/www.marketagent.com\/MA_WebResources\/pic\/banner\/468x60_Marketagent_weiss_SK.gif\" \/>\n<meta name=\"twitter:card\" content=\"summary_large_image\" \/>\n<meta name=\"twitter:label1\" content=\"Predpokladan\u00fd \u010das \u010d\u00edtania\" \/>\n\t<meta name=\"twitter:data1\" content=\"4 min\u00faty\" \/>\n<script type=\"application\/ld+json\" class=\"yoast-schema-graph\">{\"@context\":\"https:\/\/schema.org\",\"@graph\":[{\"@type\":\"WebPage\",\"@id\":\"https:\/\/matematika.besaba.com\/\",\"url\":\"https:\/\/matematika.besaba.com\/\",\"name\":\"\u00davodn\u00e1 - Matematick\u00e1 olympi\u00e1da\",\"isPartOf\":{\"@id\":\"https:\/\/matematika.besaba.com\/#website\"},\"primaryImageOfPage\":{\"@id\":\"https:\/\/matematika.besaba.com\/#primaryimage\"},\"image\":{\"@id\":\"https:\/\/matematika.besaba.com\/#primaryimage\"},\"thumbnailUrl\":\"http:\/\/www.marketagent.com\/MA_WebResources\/pic\/banner\/468x60_Marketagent_weiss_SK.gif\",\"datePublished\":\"2010-09-23T10:00:16+00:00\",\"dateModified\":\"2024-10-07T13:51:44+00:00\",\"breadcrumb\":{\"@id\":\"https:\/\/matematika.besaba.com\/#breadcrumb\"},\"inLanguage\":\"sk-SK\",\"potentialAction\":[{\"@type\":\"ReadAction\",\"target\":[\"https:\/\/matematika.besaba.com\/\"]}]},{\"@type\":\"ImageObject\",\"inLanguage\":\"sk-SK\",\"@id\":\"https:\/\/matematika.besaba.com\/#primaryimage\",\"url\":\"http:\/\/www.marketagent.com\/MA_WebResources\/pic\/banner\/468x60_Marketagent_weiss_SK.gif\",\"contentUrl\":\"http:\/\/www.marketagent.com\/MA_WebResources\/pic\/banner\/468x60_Marketagent_weiss_SK.gif\"},{\"@type\":\"BreadcrumbList\",\"@id\":\"https:\/\/matematika.besaba.com\/#breadcrumb\",\"itemListElement\":[{\"@type\":\"ListItem\",\"position\":1,\"name\":\"Domovsk\u00e1 str\u00e1nka\",\"item\":\"https:\/\/matematika.besaba.com\/\"},{\"@type\":\"ListItem\",\"position\":2,\"name\":\"\u00davodn\u00e1\"}]},{\"@type\":\"WebSite\",\"@id\":\"https:\/\/matematika.besaba.com\/#website\",\"url\":\"https:\/\/matematika.besaba.com\/\",\"name\":\"Matematick\u00e1 olympi\u00e1da\",\"description\":\"arch\u00edv zadan\u00ed a rie\u0161en\u00ed matematickej olympi\u00e1dy\",\"potentialAction\":[{\"@type\":\"SearchAction\",\"target\":{\"@type\":\"EntryPoint\",\"urlTemplate\":\"https:\/\/matematika.besaba.com\/?s={search_term_string}\"},\"query-input\":{\"@type\":\"PropertyValueSpecification\",\"valueRequired\":true,\"valueName\":\"search_term_string\"}}],\"inLanguage\":\"sk-SK\"}]}<\/script>\n<!-- \/ Yoast SEO plugin. -->","yoast_head_json":{"title":"\u00davodn\u00e1 - Matematick\u00e1 olympi\u00e1da","robots":{"index":"index","follow":"follow","max-snippet":"max-snippet:-1","max-image-preview":"max-image-preview:large","max-video-preview":"max-video-preview:-1"},"canonical":"https:\/\/matematika.besaba.com\/","og_locale":"sk_SK","og_type":"article","og_title":"\u00davodn\u00e1 - Matematick\u00e1 olympi\u00e1da","og_description":"Arch\u00edv matematickej olympi\u00e1dy. &#8222;Str\u00e1nky pre v\u0161etk\u00fdch priate\u013eov matematiky.&#8220; Aktu\u00e1lne term\u00edny, zadania a rie\u0161enia na stiahnutie, star\u0161ie ro\u010dn\u00edky, novinky a odkazy &#8230; &#8230; v\u00fdsledkov\u00e9 listiny krajsk\u00fdch k\u00f4l a odkazov\u00e1 str\u00e1nka. Matematick\u00e1 olympi\u00e1da a in\u00e9 s\u00fa\u0165a\u017ee v ma\u010farskom jazyku http:\/\/matek.ide.sk\/ Ofici\u00e1lna str\u00e1nka matematickej olympi\u00e1dy v \u010cR http:\/\/www.matematickaolympiada.cz\/ Olympi\u00e1da v informatike http:\/\/www.oi.sk International Mathematical Olympiad http:\/\/www.imo-official.org\/ Z\u00fa\u010dastni sa &hellip; Pokra\u010dova\u0165 na \u00davodn\u00e1 &rarr;","og_url":"https:\/\/matematika.besaba.com\/","og_site_name":"Matematick\u00e1 olympi\u00e1da","article_modified_time":"2024-10-07T13:51:44+00:00","og_image":[{"url":"http:\/\/www.marketagent.com\/MA_WebResources\/pic\/banner\/468x60_Marketagent_weiss_SK.gif","type":"","width":"","height":""}],"twitter_card":"summary_large_image","twitter_misc":{"Predpokladan\u00fd \u010das \u010d\u00edtania":"4 min\u00faty"},"schema":{"@context":"https:\/\/schema.org","@graph":[{"@type":"WebPage","@id":"https:\/\/matematika.besaba.com\/","url":"https:\/\/matematika.besaba.com\/","name":"\u00davodn\u00e1 - Matematick\u00e1 olympi\u00e1da","isPartOf":{"@id":"https:\/\/matematika.besaba.com\/#website"},"primaryImageOfPage":{"@id":"https:\/\/matematika.besaba.com\/#primaryimage"},"image":{"@id":"https:\/\/matematika.besaba.com\/#primaryimage"},"thumbnailUrl":"http:\/\/www.marketagent.com\/MA_WebResources\/pic\/banner\/468x60_Marketagent_weiss_SK.gif","datePublished":"2010-09-23T10:00:16+00:00","dateModified":"2024-10-07T13:51:44+00:00","breadcrumb":{"@id":"https:\/\/matematika.besaba.com\/#breadcrumb"},"inLanguage":"sk-SK","potentialAction":[{"@type":"ReadAction","target":["https:\/\/matematika.besaba.com\/"]}]},{"@type":"ImageObject","inLanguage":"sk-SK","@id":"https:\/\/matematika.besaba.com\/#primaryimage","url":"http:\/\/www.marketagent.com\/MA_WebResources\/pic\/banner\/468x60_Marketagent_weiss_SK.gif","contentUrl":"http:\/\/www.marketagent.com\/MA_WebResources\/pic\/banner\/468x60_Marketagent_weiss_SK.gif"},{"@type":"BreadcrumbList","@id":"https:\/\/matematika.besaba.com\/#breadcrumb","itemListElement":[{"@type":"ListItem","position":1,"name":"Domovsk\u00e1 str\u00e1nka","item":"https:\/\/matematika.besaba.com\/"},{"@type":"ListItem","position":2,"name":"\u00davodn\u00e1"}]},{"@type":"WebSite","@id":"https:\/\/matematika.besaba.com\/#website","url":"https:\/\/matematika.besaba.com\/","name":"Matematick\u00e1 olympi\u00e1da","description":"arch\u00edv zadan\u00ed a rie\u0161en\u00ed matematickej olympi\u00e1dy","potentialAction":[{"@type":"SearchAction","target":{"@type":"EntryPoint","urlTemplate":"https:\/\/matematika.besaba.com\/?s={search_term_string}"},"query-input":{"@type":"PropertyValueSpecification","valueRequired":true,"valueName":"search_term_string"}}],"inLanguage":"sk-SK"}]}},"_links":{"self":[{"href":"https:\/\/matematika.besaba.com\/index.php?rest_route=\/wp\/v2\/pages\/4","targetHints":{"allow":["GET"]}}],"collection":[{"href":"https:\/\/matematika.besaba.com\/index.php?rest_route=\/wp\/v2\/pages"}],"about":[{"href":"https:\/\/matematika.besaba.com\/index.php?rest_route=\/wp\/v2\/types\/page"}],"author":[{"embeddable":true,"href":"https:\/\/matematika.besaba.com\/index.php?rest_route=\/wp\/v2\/users\/1"}],"replies":[{"embeddable":true,"href":"https:\/\/matematika.besaba.com\/index.php?rest_route=%2Fwp%2Fv2%2Fcomments&post=4"}],"version-history":[{"count":35,"href":"https:\/\/matematika.besaba.com\/index.php?rest_route=\/wp\/v2\/pages\/4\/revisions"}],"predecessor-version":[{"id":1759,"href":"https:\/\/matematika.besaba.com\/index.php?rest_route=\/wp\/v2\/pages\/4\/revisions\/1759"}],"wp:attachment":[{"href":"https:\/\/matematika.besaba.com\/index.php?rest_route=%2Fwp%2Fv2%2Fmedia&parent=4"}],"curies":[{"name":"wp","href":"https:\/\/api.w.org\/{rel}","templated":true}]}}