{"id":1473,"date":"2020-11-18T19:26:22","date_gmt":"2020-11-18T19:26:22","guid":{"rendered":"http:\/\/matematika.besaba.com\/?page_id=1473"},"modified":"2020-11-18T19:27:27","modified_gmt":"2020-11-18T19:27:27","slug":"covid-19","status":"publish","type":"page","link":"https:\/\/matematika.besaba.com\/?page_id=1473","title":{"rendered":"COVID-19"},"content":{"rendered":"<p class=\"hh2\">Usmernenie k dom\u00e1cim a \u0161kolsk\u00fdm kol\u00e1m Matematickej olympi\u00e1dy<br \/>\n70. ro\u010dn\u00edk, \u0161kolsk\u00fd rok 2020\/2021<\/p>\n<p><strong>Slovensk\u00e1 komisia Matematickej olympi\u00e1dy<\/strong> a <strong>IUVENTA \u2500 Slovensk\u00fd in\u0161tit\u00fat ml\u00e1de\u017ee<\/strong> reaguj\u00fa na aktu\u00e1lne platn\u00e9 protipandemick\u00e9 opatrenia vypracovan\u00edm Usmernenia k dom\u00e1cim a \u0161kolsk\u00fdm kol\u00e1m matematickej olympi\u00e1dy ur\u010den\u00e9ho pre \u0161koly, okresn\u00e9 \u00farady v s\u00eddle kraja a poveren\u00e9 centr\u00e1 vo\u013en\u00e9ho \u010dasu. Pri vypracovan\u00ed pokynov sme brali do \u00favahy zlo\u017eit\u00e9 podmienky realiz\u00e1cie s\u00fa\u0165a\u017e\u00ed v tomto obdob\u00ed, a preto prich\u00e1dzame s viacer\u00fdmi mo\u017enos\u0165ami uskuto\u010dnenia k\u00f4l. Na\u0161e rie\u0161enia maj\u00fa za cie\u013e zachovanie a <span style=\"color: #ff0000;\">zrealizovanie s\u00fa\u0165a\u017ee v p\u00f4vodn\u00fdch term\u00ednoch<\/span> v zmysle platn\u00e9ho <a href=\"https:\/\/www.minedu.sk\/data\/att\/17164.pdf\">Term\u00ednovn\u00edka predmetov\u00fdch olympi\u00e1d a postupov\u00fdch s\u00fa\u0165a\u017e\u00ed<\/a> napriek nepriaznivej epidemiologickej situ\u00e1cii v SR a vych\u00e1dzaj\u00fa z Organiza\u010dn\u00e9ho poriadku Matematickej olympi\u00e1dy, ktor\u00fd je v s\u00falade so smernicou Ministerstva \u0161kolstva, vedy, v\u00fdskumu a \u0161portu Slovenskej republiky \u010d. 23\/2017 o s\u00fa\u0165a\u017eiach.<\/p>\n<p><!--more--><strong>1. DOM\u00c1CE KOL\u00c1<\/strong><\/p>\n<p>Dom\u00e1ce kol\u00e1 sa bud\u00fa realizova\u0165 <span style=\"color: #ff0000;\">\u0161tandardne<\/span> pod\u013ea Organiza\u010dn\u00e9ho poriadku MO.<\/p>\n<p>Term\u00edny odovzdania:<\/p>\n<ul>\n<li>kateg\u00f3ria A: 1. 12. 2020<\/li>\n<li>kateg\u00f3rie B, C: 18. 1. 2021<\/li>\n<li>kateg\u00f3ria Z5 (1. \u010das\u0165 \/ 2. \u010das\u0165): 16. 11. 2020 \/ 14. 12. 2020<\/li>\n<li>kateg\u00f3rie Z6, Z7, Z8 (1. \u010das\u0165 \/ 2. \u010das\u0165): 14. 12. 2020 \/ 26. 2. 2021<\/li>\n<li>kateg\u00f3ria Z9 (1. \u010das\u0165 \/ 2. \u010das\u0165): 16. 11. 2020 \/ 14. 12. 2020<\/li>\n<\/ul>\n<p>V pr\u00edpade, \u017ee \u0161koly bud\u00fa v pr\u00edslu\u0161nom term\u00edne zatvoren\u00e9, odpor\u00fa\u010dame, aby rie\u0161enia \u00faloh dom\u00e1ceho kola s\u00fa\u0165a\u017eiaci poslali ako <span style=\"color: #ff0000;\">skeny alebo fotografie<\/span> svojich rie\u0161en\u00ed (v dostato\u010dnej<br \/>\nkvalite) na vopred dohodnut\u00fa e-mailov\u00fa adresu. N\u00e1sledne \u0161kolsk\u00e1 komisia MO postupuje \u0161tandardne pod\u013ea Organiza\u010dn\u00e9ho poriadku MO.<\/p>\n<p><strong>2. \u0160KOLSK\u00c9 KOL\u00c1<\/strong><\/p>\n<p>Predpokladan\u00e9 term\u00edny a \u010dasy konania (bud\u00fa uveden\u00e9 aj na s\u00fa\u0165a\u017en\u00fdch podkladoch):<\/p>\n<ul>\n<li>kateg\u00f3ria A: 8. 12. 2020, 8:30 a\u017e 12:30 (4 hodiny)<\/li>\n<li>kateg\u00f3rie B, C: 26. 1. 2021, 8:30 a\u017e 12:30 (4 hodiny)<\/li>\n<\/ul>\n<p>Rie\u0161enia bud\u00fa zverejnen\u00e9 na str\u00e1nkach <a href=\"http:\/\/skmo.sk\">skmo.sk<\/a> a <a href=\"http:\/\/www.olympiady.sk\">www.olympiady.sk<\/a> v de\u0148 konania o 14:00.<\/p>\n<p>Formu \u0161kolsk\u00e9ho kola <span style=\"color: #ff0000;\">stanov\u00ed \u0161kolsk\u00e1 komisia MO<\/span> najm\u00e4 s oh\u013eadom na platn\u00e9 protipandemick\u00e9 opatrenia a mo\u017enosti svojich \u017eiakov. Ke\u010f\u017ee \u00falohy \u0161kolsk\u00e9ho kola s\u00fa distribuovan\u00e9 centr\u00e1lne, \u0161kola je povinn\u00e1 <span style=\"color: #ff0000;\">dodr\u017ea\u0165 term\u00edn a \u010das<\/span> s\u00fa\u0165a\u017en\u00e9ho kola.<\/p>\n<p><strong><em>M\u00f4\u017eu nasta\u0165 tri pr\u00edpady:<\/em><\/strong><\/p>\n<ol>\n<li>Ak bud\u00fa \u0161koly zatvoren\u00e9 a s\u00fa\u0165a\u017eiacim nebude umo\u017enen\u00e9 do nich vstupova\u0165, \u0161kola im za\u0161le v pr\u00edslu\u0161nom \u010dase s\u00fa\u0165a\u017en\u00e9 \u00falohy na vopred dohodnut\u00e9 e-mailov\u00e9 adresy a t\u00ed ich bud\u00fa rie\u0161i\u0165 doma, a to na papieri. \u0160kola zabezpe\u010d\u00ed primeran\u00fa <span style=\"color: #ff0000;\">kontrolu regul\u00e1rnosti s\u00fa\u0165a\u017ee<\/span>, a to pod\u013ea svojich zvyklost\u00ed pri dom\u00e1com vypracov\u00e1van\u00ed in\u00fdch p\u00edsomn\u00fdch pr\u00e1c (napr\u00edklad pomocou kamery). Najnesk\u00f4r 5 min\u00fat po konci s\u00fa\u0165a\u017ee s\u00fa\u0165a\u017eiaci po\u0161l\u00fa skeny alebo fotografie svojich rie\u0161en\u00ed (v dostato\u010dnej kvalite) na vopred dohodnut\u00fd e-mail (napr\u00edklad predsedu \u0161kolskej komisie MO). \u010ealej u\u017e bude \u0161kolsk\u00e1 komisia MO postupova\u0165 \u0161tandardne pod\u013ea Organiza\u010dn\u00e9ho poriadku MO.<\/li>\n<li>Ak bud\u00fa \u0161koly zatvoren\u00e9, ale s\u00fa\u0165a\u017eiacim bude ministerstvom umo\u017enen\u00e9 do nich vst\u00fapi\u0165, odpor\u00fa\u010dame \u0161tandardn\u00fa formu s\u00fa\u0165a\u017ee pod\u013ea Organiza\u010dn\u00e9ho poriadku MO, av\u0161ak v s\u00falade s\u00a0 protipandemick\u00fdmi opatreniami prijat\u00fdmi pre \u0161koly. Odpor\u00fa\u010dame nemie\u0161a\u0165 \u017eiakov z r\u00f4znych tried.<\/li>\n<li>Ak bud\u00fa \u0161koly otvoren\u00e9, \u0161koly bud\u00fa postupova\u0165 \u0161tandardne pod\u013ea Organiza\u010dn\u00e9ho poriadku MO, av\u0161ak v s\u00falade s protipandemick\u00fdmi opatreniami prijat\u00fdmi pre \u0161koly.<\/li>\n<\/ol>\n<p>Je nevyhnutn\u00e9, aby \u0161koly boli pripraven\u00e9 na v\u0161etky verzie realiz\u00e1cie \u0161kolsk\u00fdch k\u00f4l a najm\u00e4, aby umo\u017enili s\u00fa\u0165a\u017ei\u0165 v\u0161etk\u00fdm \u017eiakom, ktor\u00ed post\u00fapili z dom\u00e1ceho kola (v\u010d\u00edtane t\u00fdch v pr\u00edpadnej povinnej karant\u00e9ne).<\/p>\n<p><strong>Autori:<\/strong> <em>Barbora Knaperkov\u00e1, Stanislav Kraj\u010di<\/em><br \/>\n<strong>Vydal:<\/strong> <em>Slovensk\u00e1 komisia Matematickej olympi\u00e1dy a IUVENTA \u2013 Slovensk\u00fd in\u0161tit\u00fat ml\u00e1de\u017ee<\/em><br \/>\nBratislava, okt\u00f3ber 2020<\/p>\n<!--CusAds0-->\n<div style=\"font-size: 0px; height: 0px; line-height: 0px; margin: 0; padding: 0; clear: both;\"><\/div>","protected":false},"excerpt":{"rendered":"<p>Usmernenie k dom\u00e1cim a \u0161kolsk\u00fdm kol\u00e1m Matematickej olympi\u00e1dy 70. ro\u010dn\u00edk, \u0161kolsk\u00fd rok 2020\/2021 Slovensk\u00e1 komisia Matematickej olympi\u00e1dy a IUVENTA \u2500 Slovensk\u00fd in\u0161tit\u00fat ml\u00e1de\u017ee reaguj\u00fa na aktu\u00e1lne platn\u00e9 protipandemick\u00e9 opatrenia vypracovan\u00edm Usmernenia k dom\u00e1cim a \u0161kolsk\u00fdm kol\u00e1m matematickej olympi\u00e1dy ur\u010den\u00e9ho pre \u0161koly, okresn\u00e9 \u00farady v s\u00eddle kraja a poveren\u00e9 centr\u00e1 vo\u013en\u00e9ho \u010dasu. Pri vypracovan\u00ed pokynov sme &hellip; <a href=\"https:\/\/matematika.besaba.com\/?page_id=1473\" class=\"more-link\">Pokra\u010dova\u0165 na <span class=\"screen-reader-text\">COVID-19<\/span> <span class=\"meta-nav\">&rarr;<\/span><\/a><\/p>\n","protected":false},"author":1,"featured_media":0,"parent":0,"menu_order":0,"comment_status":"closed","ping_status":"closed","template":"","meta":{"om_disable_all_campaigns":false,"_monsterinsights_skip_tracking":false,"_monsterinsights_sitenote_active":false,"_monsterinsights_sitenote_note":"","_monsterinsights_sitenote_category":0,"footnotes":""},"class_list":["post-1473","page","type-page","status-publish","hentry"],"yoast_head":"<!-- This site is optimized with the Yoast SEO plugin v26.6 - https:\/\/yoast.com\/wordpress\/plugins\/seo\/ -->\n<title>COVID-19 - Matematick\u00e1 olympi\u00e1da<\/title>\n<meta name=\"robots\" content=\"index, follow, max-snippet:-1, max-image-preview:large, max-video-preview:-1\" \/>\n<link rel=\"canonical\" href=\"https:\/\/matematika.besaba.com\/?page_id=1473\" \/>\n<meta property=\"og:locale\" content=\"sk_SK\" \/>\n<meta property=\"og:type\" content=\"article\" \/>\n<meta property=\"og:title\" content=\"COVID-19 - Matematick\u00e1 olympi\u00e1da\" \/>\n<meta property=\"og:description\" content=\"Usmernenie k dom\u00e1cim a \u0161kolsk\u00fdm kol\u00e1m Matematickej olympi\u00e1dy 70. ro\u010dn\u00edk, \u0161kolsk\u00fd rok 2020\/2021 Slovensk\u00e1 komisia Matematickej olympi\u00e1dy a IUVENTA \u2500 Slovensk\u00fd in\u0161tit\u00fat ml\u00e1de\u017ee reaguj\u00fa na aktu\u00e1lne platn\u00e9 protipandemick\u00e9 opatrenia vypracovan\u00edm Usmernenia k dom\u00e1cim a \u0161kolsk\u00fdm kol\u00e1m matematickej olympi\u00e1dy ur\u010den\u00e9ho pre \u0161koly, okresn\u00e9 \u00farady v s\u00eddle kraja a poveren\u00e9 centr\u00e1 vo\u013en\u00e9ho \u010dasu. Pri vypracovan\u00ed pokynov sme &hellip; Pokra\u010dova\u0165 na COVID-19 &rarr;\" \/>\n<meta property=\"og:url\" content=\"https:\/\/matematika.besaba.com\/?page_id=1473\" \/>\n<meta property=\"og:site_name\" content=\"Matematick\u00e1 olympi\u00e1da\" \/>\n<meta property=\"article:modified_time\" content=\"2020-11-18T19:27:27+00:00\" \/>\n<meta name=\"twitter:card\" content=\"summary_large_image\" \/>\n<meta name=\"twitter:label1\" content=\"Predpokladan\u00fd \u010das \u010d\u00edtania\" \/>\n\t<meta name=\"twitter:data1\" content=\"3 min\u00faty\" \/>\n<script type=\"application\/ld+json\" class=\"yoast-schema-graph\">{\"@context\":\"https:\/\/schema.org\",\"@graph\":[{\"@type\":\"WebPage\",\"@id\":\"https:\/\/matematika.besaba.com\/?page_id=1473\",\"url\":\"https:\/\/matematika.besaba.com\/?page_id=1473\",\"name\":\"COVID-19 - Matematick\u00e1 olympi\u00e1da\",\"isPartOf\":{\"@id\":\"https:\/\/matematika.besaba.com\/#website\"},\"datePublished\":\"2020-11-18T19:26:22+00:00\",\"dateModified\":\"2020-11-18T19:27:27+00:00\",\"breadcrumb\":{\"@id\":\"https:\/\/matematika.besaba.com\/?page_id=1473#breadcrumb\"},\"inLanguage\":\"sk-SK\",\"potentialAction\":[{\"@type\":\"ReadAction\",\"target\":[\"https:\/\/matematika.besaba.com\/?page_id=1473\"]}]},{\"@type\":\"BreadcrumbList\",\"@id\":\"https:\/\/matematika.besaba.com\/?page_id=1473#breadcrumb\",\"itemListElement\":[{\"@type\":\"ListItem\",\"position\":1,\"name\":\"Domovsk\u00e1 str\u00e1nka\",\"item\":\"https:\/\/matematika.besaba.com\/\"},{\"@type\":\"ListItem\",\"position\":2,\"name\":\"COVID-19\"}]},{\"@type\":\"WebSite\",\"@id\":\"https:\/\/matematika.besaba.com\/#website\",\"url\":\"https:\/\/matematika.besaba.com\/\",\"name\":\"Matematick\u00e1 olympi\u00e1da\",\"description\":\"arch\u00edv zadan\u00ed a rie\u0161en\u00ed matematickej olympi\u00e1dy\",\"potentialAction\":[{\"@type\":\"SearchAction\",\"target\":{\"@type\":\"EntryPoint\",\"urlTemplate\":\"https:\/\/matematika.besaba.com\/?s={search_term_string}\"},\"query-input\":{\"@type\":\"PropertyValueSpecification\",\"valueRequired\":true,\"valueName\":\"search_term_string\"}}],\"inLanguage\":\"sk-SK\"}]}<\/script>\n<!-- \/ Yoast SEO plugin. -->","yoast_head_json":{"title":"COVID-19 - Matematick\u00e1 olympi\u00e1da","robots":{"index":"index","follow":"follow","max-snippet":"max-snippet:-1","max-image-preview":"max-image-preview:large","max-video-preview":"max-video-preview:-1"},"canonical":"https:\/\/matematika.besaba.com\/?page_id=1473","og_locale":"sk_SK","og_type":"article","og_title":"COVID-19 - Matematick\u00e1 olympi\u00e1da","og_description":"Usmernenie k dom\u00e1cim a \u0161kolsk\u00fdm kol\u00e1m Matematickej olympi\u00e1dy 70. ro\u010dn\u00edk, \u0161kolsk\u00fd rok 2020\/2021 Slovensk\u00e1 komisia Matematickej olympi\u00e1dy a IUVENTA \u2500 Slovensk\u00fd in\u0161tit\u00fat ml\u00e1de\u017ee reaguj\u00fa na aktu\u00e1lne platn\u00e9 protipandemick\u00e9 opatrenia vypracovan\u00edm Usmernenia k dom\u00e1cim a \u0161kolsk\u00fdm kol\u00e1m matematickej olympi\u00e1dy ur\u010den\u00e9ho pre \u0161koly, okresn\u00e9 \u00farady v s\u00eddle kraja a poveren\u00e9 centr\u00e1 vo\u013en\u00e9ho \u010dasu. Pri vypracovan\u00ed pokynov sme &hellip; Pokra\u010dova\u0165 na COVID-19 &rarr;","og_url":"https:\/\/matematika.besaba.com\/?page_id=1473","og_site_name":"Matematick\u00e1 olympi\u00e1da","article_modified_time":"2020-11-18T19:27:27+00:00","twitter_card":"summary_large_image","twitter_misc":{"Predpokladan\u00fd \u010das \u010d\u00edtania":"3 min\u00faty"},"schema":{"@context":"https:\/\/schema.org","@graph":[{"@type":"WebPage","@id":"https:\/\/matematika.besaba.com\/?page_id=1473","url":"https:\/\/matematika.besaba.com\/?page_id=1473","name":"COVID-19 - Matematick\u00e1 olympi\u00e1da","isPartOf":{"@id":"https:\/\/matematika.besaba.com\/#website"},"datePublished":"2020-11-18T19:26:22+00:00","dateModified":"2020-11-18T19:27:27+00:00","breadcrumb":{"@id":"https:\/\/matematika.besaba.com\/?page_id=1473#breadcrumb"},"inLanguage":"sk-SK","potentialAction":[{"@type":"ReadAction","target":["https:\/\/matematika.besaba.com\/?page_id=1473"]}]},{"@type":"BreadcrumbList","@id":"https:\/\/matematika.besaba.com\/?page_id=1473#breadcrumb","itemListElement":[{"@type":"ListItem","position":1,"name":"Domovsk\u00e1 str\u00e1nka","item":"https:\/\/matematika.besaba.com\/"},{"@type":"ListItem","position":2,"name":"COVID-19"}]},{"@type":"WebSite","@id":"https:\/\/matematika.besaba.com\/#website","url":"https:\/\/matematika.besaba.com\/","name":"Matematick\u00e1 olympi\u00e1da","description":"arch\u00edv zadan\u00ed a rie\u0161en\u00ed matematickej olympi\u00e1dy","potentialAction":[{"@type":"SearchAction","target":{"@type":"EntryPoint","urlTemplate":"https:\/\/matematika.besaba.com\/?s={search_term_string}"},"query-input":{"@type":"PropertyValueSpecification","valueRequired":true,"valueName":"search_term_string"}}],"inLanguage":"sk-SK"}]}},"_links":{"self":[{"href":"https:\/\/matematika.besaba.com\/index.php?rest_route=\/wp\/v2\/pages\/1473","targetHints":{"allow":["GET"]}}],"collection":[{"href":"https:\/\/matematika.besaba.com\/index.php?rest_route=\/wp\/v2\/pages"}],"about":[{"href":"https:\/\/matematika.besaba.com\/index.php?rest_route=\/wp\/v2\/types\/page"}],"author":[{"embeddable":true,"href":"https:\/\/matematika.besaba.com\/index.php?rest_route=\/wp\/v2\/users\/1"}],"replies":[{"embeddable":true,"href":"https:\/\/matematika.besaba.com\/index.php?rest_route=%2Fwp%2Fv2%2Fcomments&post=1473"}],"version-history":[{"count":1,"href":"https:\/\/matematika.besaba.com\/index.php?rest_route=\/wp\/v2\/pages\/1473\/revisions"}],"predecessor-version":[{"id":1474,"href":"https:\/\/matematika.besaba.com\/index.php?rest_route=\/wp\/v2\/pages\/1473\/revisions\/1474"}],"wp:attachment":[{"href":"https:\/\/matematika.besaba.com\/index.php?rest_route=%2Fwp%2Fv2%2Fmedia&parent=1473"}],"curies":[{"name":"wp","href":"https:\/\/api.w.org\/{rel}","templated":true}]}}