{"id":130,"date":"2010-09-29T11:04:32","date_gmt":"2010-09-29T11:04:32","guid":{"rendered":"http:\/\/matematika.okamzite.eu\/?page_id=130"},"modified":"2018-09-20T07:25:10","modified_gmt":"2018-09-20T07:25:10","slug":"guestbook","status":"publish","type":"page","link":"https:\/\/matematika.besaba.com\/?page_id=130","title":{"rendered":"Kniha n\u00e1v\u0161tev"},"content":{"rendered":"<p>[gwolle-gb]<\/p>\n<!--CusAds0-->\n<div style=\"font-size: 0px; height: 0px; line-height: 0px; margin: 0; padding: 0; clear: both;\"><\/div>","protected":false},"excerpt":{"rendered":"<p>[gwolle-gb]<\/p>\n","protected":false},"author":1,"featured_media":0,"parent":0,"menu_order":0,"comment_status":"closed","ping_status":"open","template":"","meta":{"om_disable_all_campaigns":false,"_monsterinsights_skip_tracking":false,"_monsterinsights_sitenote_active":false,"_monsterinsights_sitenote_note":"","_monsterinsights_sitenote_category":0,"footnotes":""},"class_list":["post-130","page","type-page","status-publish","hentry"],"yoast_head":"<!-- This site is optimized with the Yoast SEO plugin v26.6 - https:\/\/yoast.com\/wordpress\/plugins\/seo\/ -->\n<title>Kniha n\u00e1v\u0161tev - Matematick\u00e1 olympi\u00e1da<\/title>\n<meta name=\"robots\" content=\"index, follow, max-snippet:-1, max-image-preview:large, max-video-preview:-1\" \/>\n<link rel=\"canonical\" href=\"https:\/\/matematika.besaba.com\/?page_id=130\" \/>\n<meta property=\"og:locale\" content=\"sk_SK\" \/>\n<meta property=\"og:type\" content=\"article\" \/>\n<meta property=\"og:title\" content=\"Kniha n\u00e1v\u0161tev - Matematick\u00e1 olympi\u00e1da\" \/>\n<meta property=\"og:description\" content=\"[gwolle-gb]\" \/>\n<meta property=\"og:url\" content=\"https:\/\/matematika.besaba.com\/?page_id=130\" \/>\n<meta property=\"og:site_name\" content=\"Matematick\u00e1 olympi\u00e1da\" \/>\n<meta property=\"article:modified_time\" content=\"2018-09-20T07:25:10+00:00\" \/>\n<meta name=\"twitter:card\" content=\"summary_large_image\" \/>\n<script type=\"application\/ld+json\" class=\"yoast-schema-graph\">{\"@context\":\"https:\/\/schema.org\",\"@graph\":[{\"@type\":\"WebPage\",\"@id\":\"https:\/\/matematika.besaba.com\/?page_id=130\",\"url\":\"https:\/\/matematika.besaba.com\/?page_id=130\",\"name\":\"Kniha n\u00e1v\u0161tev - Matematick\u00e1 olympi\u00e1da\",\"isPartOf\":{\"@id\":\"https:\/\/matematika.besaba.com\/#website\"},\"datePublished\":\"2010-09-29T11:04:32+00:00\",\"dateModified\":\"2018-09-20T07:25:10+00:00\",\"breadcrumb\":{\"@id\":\"https:\/\/matematika.besaba.com\/?page_id=130#breadcrumb\"},\"inLanguage\":\"sk-SK\",\"potentialAction\":[{\"@type\":\"ReadAction\",\"target\":[\"https:\/\/matematika.besaba.com\/?page_id=130\"]}]},{\"@type\":\"BreadcrumbList\",\"@id\":\"https:\/\/matematika.besaba.com\/?page_id=130#breadcrumb\",\"itemListElement\":[{\"@type\":\"ListItem\",\"position\":1,\"name\":\"Domovsk\u00e1 str\u00e1nka\",\"item\":\"https:\/\/matematika.besaba.com\/\"},{\"@type\":\"ListItem\",\"position\":2,\"name\":\"Kniha n\u00e1v\u0161tev\"}]},{\"@type\":\"WebSite\",\"@id\":\"https:\/\/matematika.besaba.com\/#website\",\"url\":\"https:\/\/matematika.besaba.com\/\",\"name\":\"Matematick\u00e1 olympi\u00e1da\",\"description\":\"arch\u00edv zadan\u00ed a rie\u0161en\u00ed matematickej olympi\u00e1dy\",\"potentialAction\":[{\"@type\":\"SearchAction\",\"target\":{\"@type\":\"EntryPoint\",\"urlTemplate\":\"https:\/\/matematika.besaba.com\/?s={search_term_string}\"},\"query-input\":{\"@type\":\"PropertyValueSpecification\",\"valueRequired\":true,\"valueName\":\"search_term_string\"}}],\"inLanguage\":\"sk-SK\"}]}<\/script>\n<!-- \/ Yoast SEO plugin. -->","yoast_head_json":{"title":"Kniha n\u00e1v\u0161tev - Matematick\u00e1 olympi\u00e1da","robots":{"index":"index","follow":"follow","max-snippet":"max-snippet:-1","max-image-preview":"max-image-preview:large","max-video-preview":"max-video-preview:-1"},"canonical":"https:\/\/matematika.besaba.com\/?page_id=130","og_locale":"sk_SK","og_type":"article","og_title":"Kniha n\u00e1v\u0161tev - Matematick\u00e1 olympi\u00e1da","og_description":"[gwolle-gb]","og_url":"https:\/\/matematika.besaba.com\/?page_id=130","og_site_name":"Matematick\u00e1 olympi\u00e1da","article_modified_time":"2018-09-20T07:25:10+00:00","twitter_card":"summary_large_image","schema":{"@context":"https:\/\/schema.org","@graph":[{"@type":"WebPage","@id":"https:\/\/matematika.besaba.com\/?page_id=130","url":"https:\/\/matematika.besaba.com\/?page_id=130","name":"Kniha n\u00e1v\u0161tev - Matematick\u00e1 olympi\u00e1da","isPartOf":{"@id":"https:\/\/matematika.besaba.com\/#website"},"datePublished":"2010-09-29T11:04:32+00:00","dateModified":"2018-09-20T07:25:10+00:00","breadcrumb":{"@id":"https:\/\/matematika.besaba.com\/?page_id=130#breadcrumb"},"inLanguage":"sk-SK","potentialAction":[{"@type":"ReadAction","target":["https:\/\/matematika.besaba.com\/?page_id=130"]}]},{"@type":"BreadcrumbList","@id":"https:\/\/matematika.besaba.com\/?page_id=130#breadcrumb","itemListElement":[{"@type":"ListItem","position":1,"name":"Domovsk\u00e1 str\u00e1nka","item":"https:\/\/matematika.besaba.com\/"},{"@type":"ListItem","position":2,"name":"Kniha n\u00e1v\u0161tev"}]},{"@type":"WebSite","@id":"https:\/\/matematika.besaba.com\/#website","url":"https:\/\/matematika.besaba.com\/","name":"Matematick\u00e1 olympi\u00e1da","description":"arch\u00edv zadan\u00ed a rie\u0161en\u00ed matematickej olympi\u00e1dy","potentialAction":[{"@type":"SearchAction","target":{"@type":"EntryPoint","urlTemplate":"https:\/\/matematika.besaba.com\/?s={search_term_string}"},"query-input":{"@type":"PropertyValueSpecification","valueRequired":true,"valueName":"search_term_string"}}],"inLanguage":"sk-SK"}]}},"_links":{"self":[{"href":"https:\/\/matematika.besaba.com\/index.php?rest_route=\/wp\/v2\/pages\/130","targetHints":{"allow":["GET"]}}],"collection":[{"href":"https:\/\/matematika.besaba.com\/index.php?rest_route=\/wp\/v2\/pages"}],"about":[{"href":"https:\/\/matematika.besaba.com\/index.php?rest_route=\/wp\/v2\/types\/page"}],"author":[{"embeddable":true,"href":"https:\/\/matematika.besaba.com\/index.php?rest_route=\/wp\/v2\/users\/1"}],"replies":[{"embeddable":true,"href":"https:\/\/matematika.besaba.com\/index.php?rest_route=%2Fwp%2Fv2%2Fcomments&post=130"}],"version-history":[{"count":1,"href":"https:\/\/matematika.besaba.com\/index.php?rest_route=\/wp\/v2\/pages\/130\/revisions"}],"predecessor-version":[{"id":1313,"href":"https:\/\/matematika.besaba.com\/index.php?rest_route=\/wp\/v2\/pages\/130\/revisions\/1313"}],"wp:attachment":[{"href":"https:\/\/matematika.besaba.com\/index.php?rest_route=%2Fwp%2Fv2%2Fmedia&parent=130"}],"curies":[{"name":"wp","href":"https:\/\/api.w.org\/{rel}","templated":true}]}}